{"id":10,"date":"2023-11-27T15:50:31","date_gmt":"2023-11-27T14:50:31","guid":{"rendered":"https:\/\/alixchevalier.fr\/?page_id=10"},"modified":"2025-03-27T15:02:06","modified_gmt":"2025-03-27T14:02:06","slug":"a-propos","status":"publish","type":"page","link":"https:\/\/alixchevalier.fr\/?page_id=10","title":{"rendered":"A propos &#038; Contact"},"content":{"rendered":"\t\t<div data-elementor-type=\"wp-page\" data-elementor-id=\"10\" class=\"elementor elementor-10\">\n\t\t\t\t<div class=\"elementor-element elementor-element-701d8d54 e-flex e-con-boxed e-con e-parent\" data-id=\"701d8d54\" data-element_type=\"container\" data-e-type=\"container\" data-settings=\"{&quot;background_background&quot;:&quot;classic&quot;}\">\n\t\t\t\t\t<div class=\"e-con-inner\">\n\t\t<div class=\"elementor-element elementor-element-2434bd97 e-con-full e-flex e-con e-child\" data-id=\"2434bd97\" data-element_type=\"container\" data-e-type=\"container\">\n\t\t\t\t<div class=\"elementor-element elementor-element-7cff2feb elementor-widget elementor-widget-heading\" data-id=\"7cff2feb\" data-element_type=\"widget\" data-e-type=\"widget\" data-widget_type=\"heading.default\">\n\t\t\t\t<div class=\"elementor-widget-container\">\n\t\t\t\t\t<h1 class=\"elementor-heading-title elementor-size-default\">\"dessine moi un...\"<\/h1>\t\t\t\t<\/div>\n\t\t\t\t<\/div>\n\t\t\t\t<div class=\"elementor-element elementor-element-7d7f61ef e-transform elementor-widget elementor-widget-text-editor\" data-id=\"7d7f61ef\" data-element_type=\"widget\" data-e-type=\"widget\" data-settings=\"{&quot;_transform_translateY_effect&quot;:{&quot;unit&quot;:&quot;px&quot;,&quot;size&quot;:0,&quot;sizes&quot;:[]},&quot;_transform_translateX_effect&quot;:{&quot;unit&quot;:&quot;px&quot;,&quot;size&quot;:&quot;&quot;,&quot;sizes&quot;:[]},&quot;_transform_translateX_effect_tablet&quot;:{&quot;unit&quot;:&quot;px&quot;,&quot;size&quot;:&quot;&quot;,&quot;sizes&quot;:[]},&quot;_transform_translateX_effect_mobile&quot;:{&quot;unit&quot;:&quot;px&quot;,&quot;size&quot;:&quot;&quot;,&quot;sizes&quot;:[]},&quot;_transform_translateY_effect_tablet&quot;:{&quot;unit&quot;:&quot;px&quot;,&quot;size&quot;:&quot;&quot;,&quot;sizes&quot;:[]},&quot;_transform_translateY_effect_mobile&quot;:{&quot;unit&quot;:&quot;px&quot;,&quot;size&quot;:&quot;&quot;,&quot;sizes&quot;:[]}}\" data-widget_type=\"text-editor.default\">\n\t\t\t\t<div class=\"elementor-widget-container\">\n\t\t\t\t\t\t\t\t\t<p>Autodidacte, passionn\u00e9e par l&rsquo;image, le dessin et la couleur, j&rsquo;apprends \u00e0 manier les formes, les crayons et le papier Canson<\/p><p>en dehors des sentiers battus.<\/p><p>Je me lance en freelance en 2019 gr\u00e2ce \u00e0 un premier projet pour lequel on me propose de travailler. Je continue \u00e0 apprendre et \u00e0 me perfectionner au gr\u00e8s de travaux personnels et de commandes, et d\u00e9couvre avec app\u00e9tit les techniques d&rsquo;impression telles que la linogravure et la s\u00e9rigraphie.<\/p><p>Un projet ? Une id\u00e9e ? N&rsquo;h\u00e9sitez pas \u00e0 me contacter, j&rsquo;aime les d\u00e9fis et les surprises, les petits projets et les grands projets, ceux qui sont engag\u00e9s ou ceux qui nous parle de notre territoire ou de notre quotidien. Je serais ravie de collaborer avec vous pour comprendre vos besoins, afin d&rsquo;esquisser un visuel qui retranscrive au mieux votre univers et vos sensibilit\u00e9s.<\/p>\t\t\t\t\t\t\t\t<\/div>\n\t\t\t\t<\/div>\n\t\t\t\t<\/div>\n\t\t\t\t\t<\/div>\n\t\t\t\t<\/div>\n\t\t<div class=\"elementor-element elementor-element-745698d e-flex e-con-boxed e-con e-parent\" data-id=\"745698d\" data-element_type=\"container\" data-e-type=\"container\" data-settings=\"{&quot;background_background&quot;:&quot;classic&quot;}\">\n\t\t\t\t\t<div class=\"e-con-inner\">\n\t\t\t\t<div class=\"elementor-element elementor-element-8500a6e e-transform elementor-widget elementor-widget-image\" data-id=\"8500a6e\" data-element_type=\"widget\" data-e-type=\"widget\" data-settings=\"{&quot;_transform_translateX_effect_mobile&quot;:{&quot;unit&quot;:&quot;px&quot;,&quot;size&quot;:-10,&quot;sizes&quot;:[]},&quot;_transform_translateX_effect&quot;:{&quot;unit&quot;:&quot;px&quot;,&quot;size&quot;:-20,&quot;sizes&quot;:[]},&quot;_transform_translateY_effect&quot;:{&quot;unit&quot;:&quot;px&quot;,&quot;size&quot;:39,&quot;sizes&quot;:[]},&quot;_transform_translateX_effect_tablet&quot;:{&quot;unit&quot;:&quot;px&quot;,&quot;size&quot;:&quot;&quot;,&quot;sizes&quot;:[]},&quot;_transform_translateY_effect_tablet&quot;:{&quot;unit&quot;:&quot;px&quot;,&quot;size&quot;:&quot;&quot;,&quot;sizes&quot;:[]},&quot;_transform_translateY_effect_mobile&quot;:{&quot;unit&quot;:&quot;px&quot;,&quot;size&quot;:&quot;&quot;,&quot;sizes&quot;:[]}}\" data-widget_type=\"image.default\">\n\t\t\t\t<div class=\"elementor-widget-container\">\n\t\t\t\t\t\t\t\t\t\t\t\t\t\t\t<img fetchpriority=\"high\" decoding=\"async\" width=\"522\" height=\"489\" src=\"https:\/\/alixchevalier.fr\/wp-content\/uploads\/2024\/02\/Contact-1.png\" class=\"attachment-large size-large wp-image-416\" alt=\"\" srcset=\"https:\/\/alixchevalier.fr\/wp-content\/uploads\/2024\/02\/Contact-1.png 522w, https:\/\/alixchevalier.fr\/wp-content\/uploads\/2024\/02\/Contact-1-300x281.png 300w\" sizes=\"(max-width: 522px) 100vw, 522px\" \/>\t\t\t\t\t\t\t\t\t\t\t\t\t\t\t<\/div>\n\t\t\t\t<\/div>\n\t\t\t\t<div class=\"elementor-element elementor-element-967425c e-transform elementor-widget elementor-widget-text-editor\" data-id=\"967425c\" data-element_type=\"widget\" data-e-type=\"widget\" data-settings=\"{&quot;_transform_translateX_effect_mobile&quot;:{&quot;unit&quot;:&quot;px&quot;,&quot;size&quot;:0,&quot;sizes&quot;:[]},&quot;_transform_translateY_effect&quot;:{&quot;unit&quot;:&quot;px&quot;,&quot;size&quot;:29,&quot;sizes&quot;:[]},&quot;_transform_translateY_effect_mobile&quot;:{&quot;unit&quot;:&quot;px&quot;,&quot;size&quot;:-1,&quot;sizes&quot;:[]},&quot;_transform_translateX_effect&quot;:{&quot;unit&quot;:&quot;px&quot;,&quot;size&quot;:5,&quot;sizes&quot;:[]},&quot;_transform_translateX_effect_tablet&quot;:{&quot;unit&quot;:&quot;px&quot;,&quot;size&quot;:&quot;&quot;,&quot;sizes&quot;:[]},&quot;_transform_translateY_effect_tablet&quot;:{&quot;unit&quot;:&quot;px&quot;,&quot;size&quot;:&quot;&quot;,&quot;sizes&quot;:[]}}\" data-widget_type=\"text-editor.default\">\n\t\t\t\t<div class=\"elementor-widget-container\">\n\t\t\t\t\t\t\t\t\t<p><strong>Me contacter<\/strong><\/p><p>0663390267<br \/>alix.chevalier10@outlook.fr<\/p><p><strong>\u00a0<\/strong><\/p>\t\t\t\t\t\t\t\t<\/div>\n\t\t\t\t<\/div>\n\t\t\t\t\t<\/div>\n\t\t\t\t<\/div>\n\t\t\t\t<\/div>\n\t\t","protected":false},"excerpt":{"rendered":"<p>\u00ab\u00a0dessine moi un&#8230;\u00a0\u00bb Autodidacte, passionn\u00e9e par l&rsquo;image, le dessin et la couleur, j&rsquo;apprends \u00e0 manier les formes, les crayons et le papier Canson en dehors des sentiers battus. Je me lance en freelance en 2019 gr\u00e2ce \u00e0 un premier projet pour lequel on me propose de travailler. Je continue \u00e0 apprendre et \u00e0 me perfectionner&hellip;<\/p>\n","protected":false},"author":1,"featured_media":0,"parent":0,"menu_order":0,"comment_status":"closed","ping_status":"closed","template":"","meta":{"footnotes":""},"class_list":["post-10","page","type-page","status-publish","hentry"],"_links":{"self":[{"href":"https:\/\/alixchevalier.fr\/index.php?rest_route=\/wp\/v2\/pages\/10","targetHints":{"allow":["GET"]}}],"collection":[{"href":"https:\/\/alixchevalier.fr\/index.php?rest_route=\/wp\/v2\/pages"}],"about":[{"href":"https:\/\/alixchevalier.fr\/index.php?rest_route=\/wp\/v2\/types\/page"}],"author":[{"embeddable":true,"href":"https:\/\/alixchevalier.fr\/index.php?rest_route=\/wp\/v2\/users\/1"}],"replies":[{"embeddable":true,"href":"https:\/\/alixchevalier.fr\/index.php?rest_route=%2Fwp%2Fv2%2Fcomments&post=10"}],"version-history":[{"count":63,"href":"https:\/\/alixchevalier.fr\/index.php?rest_route=\/wp\/v2\/pages\/10\/revisions"}],"predecessor-version":[{"id":564,"href":"https:\/\/alixchevalier.fr\/index.php?rest_route=\/wp\/v2\/pages\/10\/revisions\/564"}],"wp:attachment":[{"href":"https:\/\/alixchevalier.fr\/index.php?rest_route=%2Fwp%2Fv2%2Fmedia&parent=10"}],"curies":[{"name":"wp","href":"https:\/\/api.w.org\/{rel}","templated":true}]}}